{"id":5790,"date":"2023-04-28T12:51:42","date_gmt":"2023-04-28T12:51:42","guid":{"rendered":"https:\/\/mavallka.hu\/index.php\/supporters\/"},"modified":"2023-04-28T12:58:40","modified_gmt":"2023-04-28T12:58:40","slug":"supporters","status":"publish","type":"page","link":"https:\/\/mavallka.hu\/en\/supporters\/","title":{"rendered":"Supporters"},"content":{"rendered":"\t\t<div data-elementor-type=\"wp-page\" data-elementor-id=\"5790\" class=\"elementor elementor-5790 elementor-102\">\n\t\t\t\t\t\t<section class=\"elementor-section elementor-top-section elementor-element elementor-element-87c8dcc elementor-section-boxed elementor-section-height-default elementor-section-height-default\" data-id=\"87c8dcc\" data-element_type=\"section\" data-e-type=\"section\">\n\t\t\t\t\t\t<div class=\"elementor-container elementor-column-gap-default\">\n\t\t\t\t\t<div class=\"elementor-column elementor-col-100 elementor-top-column elementor-element elementor-element-02baeb4\" data-id=\"02baeb4\" data-element_type=\"column\" data-e-type=\"column\">\n\t\t\t<div class=\"elementor-widget-wrap elementor-element-populated\">\n\t\t\t\t\t\t<div class=\"elementor-element elementor-element-f26a46e elementor-widget elementor-widget-text-editor\" data-id=\"f26a46e\" data-element_type=\"widget\" data-e-type=\"widget\" data-widget_type=\"text-editor.default\">\n\t\t\t\t<div class=\"elementor-widget-container\">\n\t\t\t\t\t\t\t\t\t<p>MAVALLKA was created in 2015, under the project called <em>Establishing of Knowledge-industry for higher education services in the Hungarian Southern Great Plains region (T\u00c1MOP-4.2.1-15\/1\/KONV-2015-0002).<\/em><\/p>\n<p>More information about the project:<\/p>\n<p>The project host&#8217;s name: University of Szeged<\/p>\n<p>Project ID: T\u00c1MOP-4.2.1-15\/1\/KONV-2015-0002<\/p>\n<p>Duration of the project: 01.04.2015 &#8211; 10.31.2015.<\/p>\n<p>Amount of fund: 298.352.830 HUF<\/p>\n<p>Funding intensity: 100%<\/p>\n\t\t\t\t\t\t\t\t<\/div>\n\t\t\t\t<\/div>\n\t\t\t\t\t<\/div>\n\t\t<\/div>\n\t\t\t\t\t<\/div>\n\t\t<\/section>\n\t\t\t\t<section class=\"elementor-section elementor-top-section elementor-element elementor-element-e7f0f7f elementor-section-boxed elementor-section-height-default elementor-section-height-default\" data-id=\"e7f0f7f\" data-element_type=\"section\" data-e-type=\"section\">\n\t\t\t\t\t\t<div class=\"elementor-container elementor-column-gap-default\">\n\t\t\t\t\t<div class=\"elementor-column elementor-col-100 elementor-top-column elementor-element elementor-element-dc8da40\" data-id=\"dc8da40\" data-element_type=\"column\" data-e-type=\"column\">\n\t\t\t<div class=\"elementor-widget-wrap elementor-element-populated\">\n\t\t\t\t\t\t<div class=\"elementor-element elementor-element-c0be7de elementor-widget-divider--view-line elementor-widget elementor-widget-divider\" data-id=\"c0be7de\" data-element_type=\"widget\" data-e-type=\"widget\" data-widget_type=\"divider.default\">\n\t\t\t\t<div class=\"elementor-widget-container\">\n\t\t\t\t\t\t\t<div class=\"elementor-divider\">\n\t\t\t<span class=\"elementor-divider-separator\">\n\t\t\t\t\t\t<\/span>\n\t\t<\/div>\n\t\t\t\t\t\t<\/div>\n\t\t\t\t<\/div>\n\t\t\t\t<section class=\"elementor-section elementor-inner-section elementor-element elementor-element-82df797 elementor-section-boxed elementor-section-height-default elementor-section-height-default\" data-id=\"82df797\" data-element_type=\"section\" data-e-type=\"section\">\n\t\t\t\t\t\t<div class=\"elementor-container elementor-column-gap-default\">\n\t\t\t\t\t<div class=\"elementor-column elementor-col-100 elementor-inner-column elementor-element elementor-element-df826dd\" data-id=\"df826dd\" data-element_type=\"column\" data-e-type=\"column\">\n\t\t\t<div class=\"elementor-widget-wrap elementor-element-populated\">\n\t\t\t\t\t\t<div class=\"elementor-element elementor-element-92b63ee elementor-widget elementor-widget-text-editor\" data-id=\"92b63ee\" data-element_type=\"widget\" data-e-type=\"widget\" data-widget_type=\"text-editor.default\">\n\t\t\t\t<div class=\"elementor-widget-container\">\n\t\t\t\t\t\t\t\t\t<p><span style=\"text-align: justify;\">Maintenance and development in 2020, 2021 and 2023 was supported by the&nbsp;<\/span><a href=\"https:\/\/www.convivence.eu\/\" target=\"_blank\" rel=\"noopener\">MTA-SZTE \u2018Convivence\u2019 Religious Pluralism Research Group<\/a><span style=\"text-align: justify;\">&nbsp;and the&nbsp;<\/span><a href=\"https:\/\/elkh.org\/\" target=\"_blank\" rel=\"noopener\">E\u00f6tv\u00f6s L\u00f3r\u00e1nd Research Network.<\/a><span style=\"text-align: justify;\">&nbsp;<\/span><\/p>\n\t\t\t\t\t\t\t\t<\/div>\n\t\t\t\t<\/div>\n\t\t\t\t\t<\/div>\n\t\t<\/div>\n\t\t\t\t\t<\/div>\n\t\t<\/section>\n\t\t\t\t\t<\/div>\n\t\t<\/div>\n\t\t\t\t\t<\/div>\n\t\t<\/section>\n\t\t\t\t<section class=\"elementor-section elementor-top-section elementor-element elementor-element-2350dc3 elementor-section-content-middle elementor-section-boxed elementor-section-height-default elementor-section-height-default\" data-id=\"2350dc3\" data-element_type=\"section\" data-e-type=\"section\">\n\t\t\t\t\t\t<div class=\"elementor-container elementor-column-gap-default\">\n\t\t\t\t\t<div class=\"elementor-column elementor-col-50 elementor-top-column elementor-element elementor-element-0a802b5\" data-id=\"0a802b5\" data-element_type=\"column\" data-e-type=\"column\">\n\t\t\t<div class=\"elementor-widget-wrap elementor-element-populated\">\n\t\t\t\t\t\t<div class=\"elementor-element elementor-element-4e3571f elementor-widget elementor-widget-image\" data-id=\"4e3571f\" data-element_type=\"widget\" data-e-type=\"widget\" data-widget_type=\"image.default\">\n\t\t\t\t<div class=\"elementor-widget-container\">\n\t\t\t\t\t\t\t\t\t\t\t\t\t\t\t\t<a href=\"https:\/\/www.convivence.eu\/\">\n\t\t\t\t\t\t\t<img fetchpriority=\"high\" decoding=\"async\" width=\"660\" height=\"271\" src=\"https:\/\/mavallka.hu\/wp-content\/uploads\/2021\/10\/convivencesend-01-e1634202016895-1024x420.jpg\" class=\"attachment-large size-large wp-image-5707\" alt=\"\" srcset=\"https:\/\/mavallka.hu\/wp-content\/uploads\/2021\/10\/convivencesend-01-e1634202016895-1024x420.jpg 1024w, https:\/\/mavallka.hu\/wp-content\/uploads\/2021\/10\/convivencesend-01-e1634202016895-300x123.jpg 300w, https:\/\/mavallka.hu\/wp-content\/uploads\/2021\/10\/convivencesend-01-e1634202016895-768x315.jpg 768w, https:\/\/mavallka.hu\/wp-content\/uploads\/2021\/10\/convivencesend-01-e1634202016895-1536x630.jpg 1536w, https:\/\/mavallka.hu\/wp-content\/uploads\/2021\/10\/convivencesend-01-e1634202016895.jpg 1798w\" sizes=\"(max-width: 660px) 100vw, 660px\" \/>\t\t\t\t\t\t\t\t<\/a>\n\t\t\t\t\t\t\t\t\t\t\t\t\t\t\t<\/div>\n\t\t\t\t<\/div>\n\t\t\t\t\t<\/div>\n\t\t<\/div>\n\t\t\t\t<div class=\"elementor-column elementor-col-50 elementor-top-column elementor-element elementor-element-a799691\" data-id=\"a799691\" data-element_type=\"column\" data-e-type=\"column\">\n\t\t\t<div class=\"elementor-widget-wrap elementor-element-populated\">\n\t\t\t\t\t\t<div class=\"elementor-element elementor-element-a6b4f1a elementor-widget elementor-widget-image\" data-id=\"a6b4f1a\" data-element_type=\"widget\" data-e-type=\"widget\" data-widget_type=\"image.default\">\n\t\t\t\t<div class=\"elementor-widget-container\">\n\t\t\t\t\t\t\t\t\t\t\t\t\t\t\t\t<a href=\"https:\/\/elkh.org\/\">\n\t\t\t\t\t\t\t<img decoding=\"async\" width=\"660\" height=\"151\" src=\"https:\/\/mavallka.hu\/wp-content\/uploads\/2021\/10\/ELKH_horizontalis_zold_logo_HU-1-1024x234.jpg\" class=\"attachment-large size-large wp-image-5708\" alt=\"\" srcset=\"https:\/\/mavallka.hu\/wp-content\/uploads\/2021\/10\/ELKH_horizontalis_zold_logo_HU-1-1024x234.jpg 1024w, https:\/\/mavallka.hu\/wp-content\/uploads\/2021\/10\/ELKH_horizontalis_zold_logo_HU-1-300x69.jpg 300w, https:\/\/mavallka.hu\/wp-content\/uploads\/2021\/10\/ELKH_horizontalis_zold_logo_HU-1-768x176.jpg 768w, https:\/\/mavallka.hu\/wp-content\/uploads\/2021\/10\/ELKH_horizontalis_zold_logo_HU-1-1536x351.jpg 1536w, https:\/\/mavallka.hu\/wp-content\/uploads\/2021\/10\/ELKH_horizontalis_zold_logo_HU-1-2048x468.jpg 2048w\" sizes=\"(max-width: 660px) 100vw, 660px\" \/>\t\t\t\t\t\t\t\t<\/a>\n\t\t\t\t\t\t\t\t\t\t\t\t\t\t\t<\/div>\n\t\t\t\t<\/div>\n\t\t\t\t\t<\/div>\n\t\t<\/div>\n\t\t\t\t\t<\/div>\n\t\t<\/section>\n\t\t\t\t<\/div>\n\t\t","protected":false},"excerpt":{"rendered":"<p>MAVALLKA was created in 2015, under the project called Establishing of Knowledge-industry for higher education services in the Hungarian Southern Great Plains region (T\u00c1MOP-4.2.1-15\/1\/KONV-2015-0002). More information about the project: The project host&#8217;s name: University of Szeged Project ID: T\u00c1MOP-4.2.1-15\/1\/KONV-2015-0002 Duration of the project: 01.04.2015 &#8211; 10.31.2015. Amount of fund: 298.352.830 HUF Funding intensity: 100% Maintenance<a class=\"moretag\" href=\"https:\/\/mavallka.hu\/en\/supporters\/\"> Read more&#8230;<\/a><\/p>\n","protected":false},"author":2,"featured_media":0,"parent":0,"menu_order":0,"comment_status":"closed","ping_status":"closed","template":"","meta":{"footnotes":""},"class_list":["post-5790","page","type-page","status-publish","hentry"],"_links":{"self":[{"href":"https:\/\/mavallka.hu\/en\/wp-json\/wp\/v2\/pages\/5790","targetHints":{"allow":["GET"]}}],"collection":[{"href":"https:\/\/mavallka.hu\/en\/wp-json\/wp\/v2\/pages"}],"about":[{"href":"https:\/\/mavallka.hu\/en\/wp-json\/wp\/v2\/types\/page"}],"author":[{"embeddable":true,"href":"https:\/\/mavallka.hu\/en\/wp-json\/wp\/v2\/users\/2"}],"replies":[{"embeddable":true,"href":"https:\/\/mavallka.hu\/en\/wp-json\/wp\/v2\/comments?post=5790"}],"version-history":[{"count":0,"href":"https:\/\/mavallka.hu\/en\/wp-json\/wp\/v2\/pages\/5790\/revisions"}],"wp:attachment":[{"href":"https:\/\/mavallka.hu\/en\/wp-json\/wp\/v2\/media?parent=5790"}],"curies":[{"name":"wp","href":"https:\/\/api.w.org\/{rel}","templated":true}]}}