{"id":5810,"date":"2023-05-02T08:14:56","date_gmt":"2023-05-02T08:14:56","guid":{"rendered":"https:\/\/mavallka.hu\/index.php\/publications\/"},"modified":"2023-05-02T08:14:57","modified_gmt":"2023-05-02T08:14:57","slug":"publications","status":"publish","type":"page","link":"https:\/\/mavallka.hu\/en\/publications\/","title":{"rendered":"Publications"},"content":{"rendered":"\t\t<div data-elementor-type=\"wp-page\" data-elementor-id=\"5810\" class=\"elementor elementor-5810 elementor-38\">\n\t\t\t\t\t\t<section class=\"elementor-section elementor-top-section elementor-element elementor-element-7059b1cf elementor-section-boxed elementor-section-height-default elementor-section-height-default\" data-id=\"7059b1cf\" data-element_type=\"section\" data-e-type=\"section\">\n\t\t\t\t\t\t<div class=\"elementor-container elementor-column-gap-default\">\n\t\t\t\t\t<div class=\"elementor-column elementor-col-100 elementor-top-column elementor-element elementor-element-44e5d844\" data-id=\"44e5d844\" data-element_type=\"column\" data-e-type=\"column\">\n\t\t\t<div class=\"elementor-widget-wrap elementor-element-populated\">\n\t\t\t\t\t\t<div class=\"elementor-element elementor-element-455dfab9 elementor-widget elementor-widget-text-editor\" data-id=\"455dfab9\" data-element_type=\"widget\" data-e-type=\"widget\" data-widget_type=\"text-editor.default\">\n\t\t\t\t<div class=\"elementor-widget-container\">\n\t\t\t\t\t\t\t\t\t<p><\/p>\n<p><a href=\"https:\/\/mavallka.hu\/wp-content\/uploads\/2021\/10\/publikacio_mate-toth-1.pdf\" target=\"_blank\" rel=\"noopener\">Andr\u00e1s M\u00e1t\u00e9-T\u00f3th: Sebzett identit\u00e1s Kelet-K\u00f6z\u00e9p-Eur\u00f3p\u00e1ban (Wounded identity in East-Central Europe)<\/a><\/p>\n<p><\/p>\t\t\t\t\t\t\t\t<\/div>\n\t\t\t\t<\/div>\n\t\t\t\t\t<\/div>\n\t\t<\/div>\n\t\t\t\t\t<\/div>\n\t\t<\/section>\n\t\t\t\t<section class=\"elementor-section elementor-top-section elementor-element elementor-element-aca2250 elementor-section-boxed elementor-section-height-default elementor-section-height-default\" data-id=\"aca2250\" data-element_type=\"section\" data-e-type=\"section\">\n\t\t\t\t\t\t<div class=\"elementor-container elementor-column-gap-default\">\n\t\t\t\t\t<div class=\"elementor-column elementor-col-100 elementor-top-column elementor-element elementor-element-3c99845\" data-id=\"3c99845\" data-element_type=\"column\" data-e-type=\"column\">\n\t\t\t<div class=\"elementor-widget-wrap elementor-element-populated\">\n\t\t\t\t\t\t<div class=\"elementor-element elementor-element-45d04fa elementor-widget elementor-widget-text-editor\" data-id=\"45d04fa\" data-element_type=\"widget\" data-e-type=\"widget\" data-widget_type=\"text-editor.default\">\n\t\t\t\t<div class=\"elementor-widget-container\">\n\t\t\t\t\t\t\t\t\t<p><\/p>\n<p><a href=\"https:\/\/mavallka.hu\/wp-content\/uploads\/2023\/05\/vallastudomanyi-szemle-2019-04-BARCSAK.pdf\" target=\"_blank\" rel=\"noopener\">Krisztina Barcsa: Vall\u00e1studom\u00e1nyi \u00e9let Szegeden \u2013 \u00d6sszefoglal\u00f3 a Szegedi Tudom\u00e1nyegyetem Vall\u00e1studom\u00e1nyi Tansz\u00e9k\u00e9nek legfrissebb tev\u00e9kenys\u00e9geir\u0151l (Life of Religious Studies in Szeged &#8211; Summary of the latest activities of the Department of Religious Studies of the University of Szeged)<\/a><\/p>\n<p><\/p>\t\t\t\t\t\t\t\t<\/div>\n\t\t\t\t<\/div>\n\t\t\t\t\t<\/div>\n\t\t<\/div>\n\t\t\t\t\t<\/div>\n\t\t<\/section>\n\t\t\t\t<\/div>\n\t\t","protected":false},"excerpt":{"rendered":"<p>Andr\u00e1s M\u00e1t\u00e9-T\u00f3th: Sebzett identit\u00e1s Kelet-K\u00f6z\u00e9p-Eur\u00f3p\u00e1ban (Wounded identity in East-Central Europe) Krisztina Barcsa: Vall\u00e1studom\u00e1nyi \u00e9let Szegeden \u2013 \u00d6sszefoglal\u00f3 a Szegedi Tudom\u00e1nyegyetem Vall\u00e1studom\u00e1nyi Tansz\u00e9k\u00e9nek legfrissebb tev\u00e9kenys\u00e9geir\u0151l (Life of Religious Studies in Szeged &#8211; Summary of the latest activities of the Department of Religious Studies of the University of Szeged)<\/p>\n","protected":false},"author":2,"featured_media":0,"parent":0,"menu_order":0,"comment_status":"closed","ping_status":"closed","template":"","meta":{"footnotes":""},"class_list":["post-5810","page","type-page","status-publish","hentry"],"_links":{"self":[{"href":"https:\/\/mavallka.hu\/en\/wp-json\/wp\/v2\/pages\/5810","targetHints":{"allow":["GET"]}}],"collection":[{"href":"https:\/\/mavallka.hu\/en\/wp-json\/wp\/v2\/pages"}],"about":[{"href":"https:\/\/mavallka.hu\/en\/wp-json\/wp\/v2\/types\/page"}],"author":[{"embeddable":true,"href":"https:\/\/mavallka.hu\/en\/wp-json\/wp\/v2\/users\/2"}],"replies":[{"embeddable":true,"href":"https:\/\/mavallka.hu\/en\/wp-json\/wp\/v2\/comments?post=5810"}],"version-history":[{"count":0,"href":"https:\/\/mavallka.hu\/en\/wp-json\/wp\/v2\/pages\/5810\/revisions"}],"wp:attachment":[{"href":"https:\/\/mavallka.hu\/en\/wp-json\/wp\/v2\/media?parent=5810"}],"curies":[{"name":"wp","href":"https:\/\/api.w.org\/{rel}","templated":true}]}}