{"id":5815,"date":"2023-05-02T08:38:30","date_gmt":"2023-05-02T08:38:30","guid":{"rendered":"https:\/\/mavallka.hu\/index.php\/add-new-community\/"},"modified":"2023-05-02T08:38:32","modified_gmt":"2023-05-02T08:38:32","slug":"add-new-community","status":"publish","type":"page","link":"https:\/\/mavallka.hu\/en\/add-new-community\/","title":{"rendered":"Add new community"},"content":{"rendered":"\t\t<div data-elementor-type=\"wp-page\" data-elementor-id=\"5815\" class=\"elementor elementor-5815 elementor-5659\">\n\t\t\t\t\t\t<section class=\"elementor-section elementor-top-section elementor-element elementor-element-1667664 elementor-section-boxed elementor-section-height-default elementor-section-height-default\" data-id=\"1667664\" data-element_type=\"section\" data-e-type=\"section\">\n\t\t\t\t\t\t<div class=\"elementor-container elementor-column-gap-default\">\n\t\t\t\t\t<div class=\"elementor-column elementor-col-100 elementor-top-column elementor-element elementor-element-54de928\" data-id=\"54de928\" data-element_type=\"column\" data-e-type=\"column\">\n\t\t\t<div class=\"elementor-widget-wrap elementor-element-populated\">\n\t\t\t\t\t\t<div class=\"elementor-element elementor-element-70a6099 elementor-widget elementor-widget-text-editor\" data-id=\"70a6099\" data-element_type=\"widget\" data-e-type=\"widget\" data-widget_type=\"text-editor.default\">\n\t\t\t\t<div class=\"elementor-widget-container\">\n\t\t\t\t\t\t\t\t\t<p>To add a community missing from the database, please fill in the form below.<\/p>\n<p>Once the form has been received, it will take a few days to process. After processing, we will delete the form for privacy reasons and will not notify you when the community is added to the database. Thank you for your understanding!<\/p>\n<p>Thank you for helping us and supporting the free flow of information.<\/p>\n\t\t\t\t\t\t\t\t<\/div>\n\t\t\t\t<\/div>\n\t\t\t\t\t<\/div>\n\t\t<\/div>\n\t\t\t\t\t<\/div>\n\t\t<\/section>\n\t\t\t\t<section class=\"elementor-section elementor-top-section elementor-element elementor-element-358ad8e elementor-section-boxed elementor-section-height-default elementor-section-height-default\" data-id=\"358ad8e\" data-element_type=\"section\" data-e-type=\"section\">\n\t\t\t\t\t\t<div class=\"elementor-container elementor-column-gap-default\">\n\t\t\t\t\t<div class=\"elementor-column elementor-col-100 elementor-top-column elementor-element elementor-element-777dce2\" data-id=\"777dce2\" data-element_type=\"column\" data-e-type=\"column\">\n\t\t\t<div class=\"elementor-widget-wrap elementor-element-populated\">\n\t\t\t\t\t\t<div class=\"elementor-element elementor-element-64d4734 elementor-widget elementor-widget-shortcode\" data-id=\"64d4734\" data-element_type=\"widget\" data-e-type=\"widget\" data-widget_type=\"shortcode.default\">\n\t\t\t\t<div class=\"elementor-widget-container\">\n\t\t\t\t\t\t\t<div class=\"elementor-shortcode\">\n<div class=\"wpcf7 no-js\" id=\"wpcf7-f5819-o1\" lang=\"en-US\" dir=\"ltr\" data-wpcf7-id=\"5819\">\n<div class=\"screen-reader-response\"><p role=\"status\" aria-live=\"polite\" aria-atomic=\"true\"><\/p> <ul><\/ul><\/div>\n<form action=\"\/en\/wp-json\/wp\/v2\/pages\/5815#wpcf7-f5819-o1\" method=\"post\" class=\"wpcf7-form init\" aria-label=\"Contact form\" novalidate=\"novalidate\" data-status=\"init\">\n<fieldset class=\"hidden-fields-container\"><input type=\"hidden\" name=\"_wpcf7\" value=\"5819\" \/><input type=\"hidden\" name=\"_wpcf7_version\" value=\"6.1.5\" \/><input type=\"hidden\" name=\"_wpcf7_locale\" value=\"en_US\" \/><input type=\"hidden\" name=\"_wpcf7_unit_tag\" value=\"wpcf7-f5819-o1\" \/><input type=\"hidden\" name=\"_wpcf7_container_post\" value=\"0\" \/><input type=\"hidden\" name=\"_wpcf7_posted_data_hash\" value=\"\" \/><input type=\"hidden\" name=\"_wpcf7_recaptcha_response\" value=\"\" \/>\n<\/fieldset>\n<p><label> Your name<br \/>\n<span class=\"wpcf7-form-control-wrap\" data-name=\"your-name\"><input size=\"40\" maxlength=\"400\" class=\"wpcf7-form-control wpcf7-text wpcf7-validates-as-required\" aria-required=\"true\" aria-invalid=\"false\" value=\"\" type=\"text\" name=\"your-name\" \/><\/span> <\/label>\n<\/p>\n<p><label> Your e-mail address<br \/>\n<span class=\"wpcf7-form-control-wrap\" data-name=\"your-email\"><input size=\"40\" maxlength=\"400\" class=\"wpcf7-form-control wpcf7-email wpcf7-validates-as-required wpcf7-text wpcf7-validates-as-email\" aria-required=\"true\" aria-invalid=\"false\" value=\"\" type=\"email\" name=\"your-email\" \/><\/span> <\/label>\n<\/p>\n<p><label> Subject<br \/>\n<span class=\"wpcf7-form-control-wrap\" data-name=\"your-subject\"><input size=\"40\" maxlength=\"400\" class=\"wpcf7-form-control wpcf7-text wpcf7-validates-as-required\" aria-required=\"true\" aria-invalid=\"false\" value=\"\" type=\"text\" name=\"your-subject\" \/><\/span> <\/label>\n<\/p>\n<p><label> Name of the religious community<br \/>\n<span class=\"wpcf7-form-control-wrap\" data-name=\"FelekezetNeve\"><input size=\"40\" maxlength=\"400\" class=\"wpcf7-form-control wpcf7-text wpcf7-validates-as-required\" aria-required=\"true\" aria-invalid=\"false\" value=\"\" type=\"text\" name=\"FelekezetNeve\" \/><\/span> <\/label>\n<\/p>\n<p><label> About the community<br \/>\n<span class=\"wpcf7-form-control-wrap\" data-name=\"Leiras\"><textarea cols=\"40\" rows=\"10\" maxlength=\"2000\" class=\"wpcf7-form-control wpcf7-textarea\" aria-invalid=\"false\" name=\"Leiras\"><\/textarea><\/span> <\/label>\n<\/p>\n<p><label> Address of the community<br \/>\n<span class=\"wpcf7-form-control-wrap\" data-name=\"Felekezetcime\"><textarea cols=\"40\" rows=\"10\" maxlength=\"2000\" class=\"wpcf7-form-control wpcf7-textarea wpcf7-validates-as-required\" aria-required=\"true\" aria-invalid=\"false\" placeholder=\"postal code, city, street, house number\" name=\"Felekezetcime\"><\/textarea><\/span> <\/label>\n<\/p>\n<p><label> Denomination <\/label><br \/>\n<span class=\"wpcf7-form-control-wrap\" data-name=\"Kategoria\"><select class=\"wpcf7-form-control wpcf7-select wpcf7-validates-as-required\" aria-required=\"true\" aria-invalid=\"false\" name=\"Kategoria\"><option value=\"\">&#8212;Please choose an option&#8212;<\/option><option value=\"Adventista\">Adventista<\/option><option value=\"Agap\u00e9 gy\u00fclekezet\">Agap\u00e9 gy\u00fclekezet<\/option><option value=\"Anglik\u00e1n\">Anglik\u00e1n<\/option><option value=\"Baptista\">Baptista<\/option><option value=\"Biblia sz\u00f3l\">Biblia sz\u00f3l<\/option><option value=\"Buddhista\">Buddhista<\/option><option value=\"Dzsainista\">Dzsainista<\/option><option value=\"Egy\u00e9b felekezet\">Egy\u00e9b felekezet<\/option><option value=\"Egy\u00e9b kereszt\u00e9ny\">Egy\u00e9b kereszt\u00e9ny<\/option><option value=\"Evang\u00e9likus\">Evang\u00e9likus<\/option><option value=\"G\u00f6r\u00f6g Katolikus\">G\u00f6r\u00f6g Katolikus<\/option><option value=\"Hindu\">Hindu<\/option><option value=\"Hit Gy\u00fclekezete\">Hit Gy\u00fclekezete<\/option><option value=\"Iszl\u00e1m\">Iszl\u00e1m<\/option><option value=\"Izraelita\">Izraelita<\/option><option value=\"Jehova Tan\u00fai\">Jehova Tan\u00fai<\/option><option value=\"Krisna-tudat\u00fa h\u00edv\u0151k\">Krisna-tudat\u00fa h\u00edv\u0151k<\/option><option value=\"Metodista\">Metodista<\/option><option value=\"Mormon\">Mormon<\/option><option value=\"Nazar\u00e9nus\">Nazar\u00e9nus<\/option><option value=\"Ortodox\">Ortodox<\/option><option value=\"P\u00fcnk\u00f6sdi\">P\u00fcnk\u00f6sdi<\/option><option value=\"Reform\u00e1tus\">Reform\u00e1tus<\/option><option value=\"R\u00f3mai Katolikus\">R\u00f3mai Katolikus<\/option><option value=\"Szcientol\u00f3gia\">Szcientol\u00f3gia<\/option><option value=\"Taoista\">Taoista<\/option><option value=\"Unit\u00e1rius\">Unit\u00e1rius<\/option><\/select><\/span>\n<\/p>\n<p><label> Year of foundation<br \/>\n<span class=\"wpcf7-form-control-wrap\" data-name=\"AlapitasEve\"><input class=\"wpcf7-form-control wpcf7-number wpcf7-validates-as-number\" aria-invalid=\"false\" placeholder=\"eg.: 1995\" value=\"\" type=\"number\" name=\"AlapitasEve\" \/><\/span> <\/label>\n<\/p>\n<p><label> Year of cessation<br \/>\n<span class=\"wpcf7-form-control-wrap\" data-name=\"MegszunessEve\"><input class=\"wpcf7-form-control wpcf7-number wpcf7-validates-as-number\" aria-invalid=\"false\" placeholder=\"eg.: 1995\" value=\"\" type=\"number\" name=\"MegszunessEve\" \/><\/span> <\/label>\n<\/p>\n<p>Status<br \/>\n<span class=\"wpcf7-form-control-wrap\" data-name=\"Statusz\"><span class=\"wpcf7-form-control wpcf7-radio\"><span class=\"wpcf7-list-item first\"><label><span class=\"wpcf7-list-item-label\">M\u0171k\u00f6d\u0151<\/span><input type=\"radio\" name=\"Statusz\" value=\"M\u0171k\u00f6d\u0151\" checked=\"checked\" \/><\/label><\/span><span class=\"wpcf7-list-item\"><label><span class=\"wpcf7-list-item-label\">Megsz\u0171nt<\/span><input type=\"radio\" name=\"Statusz\" value=\"Megsz\u0171nt\" \/><\/label><\/span><span class=\"wpcf7-list-item last\"><label><span class=\"wpcf7-list-item-label\">Bizonytalan<\/span><input type=\"radio\" name=\"Statusz\" value=\"Bizonytalan\" \/><\/label><\/span><\/span><\/span>\n<\/p>\n<p><label> Website<br \/>\n<span class=\"wpcf7-form-control-wrap\" data-name=\"Honlap\"><input size=\"40\" maxlength=\"400\" class=\"wpcf7-form-control wpcf7-url wpcf7-text wpcf7-validates-as-url\" aria-invalid=\"false\" value=\"\" type=\"url\" name=\"Honlap\" \/><\/span> <\/label>\n<\/p>\n<p><label> Facebook<br \/>\n<span class=\"wpcf7-form-control-wrap\" data-name=\"Facebook\"><input size=\"40\" maxlength=\"400\" class=\"wpcf7-form-control wpcf7-url wpcf7-text wpcf7-validates-as-url\" aria-invalid=\"false\" value=\"\" type=\"url\" name=\"Facebook\" \/><\/span> <\/label>\n<\/p>\n<p><label> Community's e-mail address<br \/>\n<span class=\"wpcf7-form-control-wrap\" data-name=\"FelekezetEmailCime\"><input size=\"40\" maxlength=\"400\" class=\"wpcf7-form-control wpcf7-email wpcf7-text wpcf7-validates-as-email\" aria-invalid=\"false\" value=\"\" type=\"email\" name=\"FelekezetEmailCime\" \/><\/span> <\/label>\n<\/p>\n<p><label> Community's telephone number<br \/>\n<span class=\"wpcf7-form-control-wrap\" data-name=\"FelekezetTelefonszama\"><input size=\"40\" maxlength=\"400\" class=\"wpcf7-form-control wpcf7-tel wpcf7-text wpcf7-validates-as-tel\" aria-invalid=\"false\" value=\"\" type=\"tel\" name=\"FelekezetTelefonszama\" \/><\/span> <\/label>\n<\/p>\n<p><label> Other address<br \/>\n<span class=\"wpcf7-form-control-wrap\" data-name=\"TovabbiCimadatok\"><textarea cols=\"40\" rows=\"10\" maxlength=\"2000\" class=\"wpcf7-form-control wpcf7-textarea\" aria-invalid=\"false\" placeholder=\"head office, place of business, etc.\" name=\"TovabbiCimadatok\"><\/textarea><\/span> <\/label>\n<\/p>\n<p><label> Postal address<br \/>\n<span class=\"wpcf7-form-control-wrap\" data-name=\"Postacim\"><textarea cols=\"40\" rows=\"10\" maxlength=\"2000\" class=\"wpcf7-form-control wpcf7-textarea\" aria-invalid=\"false\" name=\"Postacim\"><\/textarea><\/span> <\/label>\n<\/p>\n<p><label> Further comments<br \/>\n<span class=\"wpcf7-form-control-wrap\" data-name=\"TovabbiMegjegyzes\"><textarea cols=\"40\" rows=\"10\" maxlength=\"2000\" class=\"wpcf7-form-control wpcf7-textarea\" aria-invalid=\"false\" name=\"TovabbiMegjegyzes\"><\/textarea><\/span> <\/label>\n<\/p>\n<p><input class=\"wpcf7-form-control wpcf7-submit has-spinner\" type=\"submit\" value=\"Submit\" \/>\n<\/p><p style=\"display: none !important;\" class=\"akismet-fields-container\" data-prefix=\"_wpcf7_ak_\"><label>&#916;<textarea name=\"_wpcf7_ak_hp_textarea\" cols=\"45\" rows=\"8\" maxlength=\"100\"><\/textarea><\/label><input type=\"hidden\" id=\"ak_js_1\" name=\"_wpcf7_ak_js\" value=\"128\"\/><script>document.getElementById( \"ak_js_1\" ).setAttribute( \"value\", ( new Date() ).getTime() );<\/script><\/p><div class=\"wpcf7-response-output\" aria-hidden=\"true\"><\/div>\n<\/form>\n<\/div>\n<\/div>\n\t\t\t\t\t\t<\/div>\n\t\t\t\t<\/div>\n\t\t\t\t\t<\/div>\n\t\t<\/div>\n\t\t\t\t\t<\/div>\n\t\t<\/section>\n\t\t\t\t<\/div>\n\t\t","protected":false},"excerpt":{"rendered":"<p>To add a community missing from the database, please fill in the form below. Once the form has been received, it will take a few days to process. After processing, we will delete the form for privacy reasons and will not notify you when the community is added to the database. Thank you for your<a class=\"moretag\" href=\"https:\/\/mavallka.hu\/en\/add-new-community\/\"> Read more&#8230;<\/a><\/p>\n","protected":false},"author":1,"featured_media":0,"parent":0,"menu_order":0,"comment_status":"closed","ping_status":"closed","template":"","meta":{"footnotes":""},"class_list":["post-5815","page","type-page","status-publish","hentry"],"_links":{"self":[{"href":"https:\/\/mavallka.hu\/en\/wp-json\/wp\/v2\/pages\/5815","targetHints":{"allow":["GET"]}}],"collection":[{"href":"https:\/\/mavallka.hu\/en\/wp-json\/wp\/v2\/pages"}],"about":[{"href":"https:\/\/mavallka.hu\/en\/wp-json\/wp\/v2\/types\/page"}],"author":[{"embeddable":true,"href":"https:\/\/mavallka.hu\/en\/wp-json\/wp\/v2\/users\/1"}],"replies":[{"embeddable":true,"href":"https:\/\/mavallka.hu\/en\/wp-json\/wp\/v2\/comments?post=5815"}],"version-history":[{"count":0,"href":"https:\/\/mavallka.hu\/en\/wp-json\/wp\/v2\/pages\/5815\/revisions"}],"wp:attachment":[{"href":"https:\/\/mavallka.hu\/en\/wp-json\/wp\/v2\/media?parent=5815"}],"curies":[{"name":"wp","href":"https:\/\/api.w.org\/{rel}","templated":true}]}}